{"id":376,"date":"2015-04-01T15:14:59","date_gmt":"2015-04-01T15:14:59","guid":{"rendered":"http:\/\/activity.se\/privat\/?page_id=376"},"modified":"2015-04-28T09:48:43","modified_gmt":"2015-04-28T09:48:43","slug":"samarbeta-med-oss","status":"publish","type":"page","link":"https:\/\/activity.se\/privat\/samarbeta-med-oss\/","title":{"rendered":"Samarbeta med oss"},"content":{"rendered":"<div class='flex_column av-av_one_full-2a9015ff38129c418a3f2eafba3e9512 av_one_full  avia-builder-el-0  el_before_av_one_half  avia-builder-el-first  first flex_column_div '     ><style type=\"text\/css\" data-created_by=\"avia_inline_auto\" id=\"style-css-av-av_image-47ae72d52b23af85af4a994d8bf67dd5\">\n.avia-image-container.av-av_image-47ae72d52b23af85af4a994d8bf67dd5 img.avia_image{\nbox-shadow:none;\n}\n.avia-image-container.av-av_image-47ae72d52b23af85af4a994d8bf67dd5 .av-caption-image-overlay-bg{\nopacity:0.6;\nbackground-color:#0a0a0a;\n}\n.avia-image-container.av-av_image-47ae72d52b23af85af4a994d8bf67dd5 .av-image-caption-overlay-center{\ncolor:#ffffff;\nfont-size:40px;\n}\n<\/style>\n<div  class='avia-image-container av-av_image-47ae72d52b23af85af4a994d8bf67dd5 av-styling- avia-align-center  avia-builder-el-1  avia-builder-el-no-sibling  noHover av-overlay-hover-deactivate'   itemprop=\"image\" itemscope=\"itemscope\" itemtype=\"https:\/\/schema.org\/ImageObject\" ><div class=\"avia-image-container-inner\"><div class=\"avia-image-overlay-wrap\"><div class=\"av-image-caption-overlay\"><div class=\"av-caption-image-overlay-bg\"><\/div><div class=\"av-image-caption-overlay-position\"><div class=\"av-image-caption-overlay-center\"><h1>Samarbeta med oss<\/h1>\n<\/div><\/div><\/div><img class='wp-image-228 avia-img-lazy-loading-not-228 avia_image ' src='https:\/\/activity.se\/privat\/wp-content\/uploads\/2015\/03\/slide12.jpg' alt='' title='slide1'  height=\"498\" width=\"2000\"  itemprop=\"thumbnailUrl\"  \/><\/div><\/div><\/div><\/div>\n<div class='flex_column av-av_one_half-2a9015ff38129c418a3f2eafba3e9512 av_one_half  avia-builder-el-2  el_after_av_one_full  el_before_av_one_half  first flex_column_div column-top-margin'     ><section  class='av_textblock_section av-av_textblock-0366cc7376be6c9e82a3e9cc8987b64f'  itemscope=\"itemscope\" itemtype=\"https:\/\/schema.org\/CreativeWork\" ><div class='avia_textblock'  itemprop=\"text\" ><h1>Erbjud era kunder Sveriges roligaste aktiviteter!<\/h1>\n<p>Driver ni en konferensanl\u00e4ggning, restaurang, festv\u00e5ning eller hotell?\u00a0Ni kanske \u00e4r ett eventbolag eller bokar arrangemang och resor till\u00a0f\u00f6retag?\u00a0Oavsett vad; jobbar ni med\u00a0kunder som \u00e4r\u00a0intresserade av att\u00a0g\u00f6ra roliga och teambyggande aktiviteter &#8211; d\u00e5 vill vi g\u00e4rna samarbeta med er!<\/p>\n<p>Vi har l\u00e5ng erfarenhet av att arrangera aktiviteter f\u00f6r alla typer av grupper &#8211; stora som sm\u00e5. Genom v\u00e5ra aktiviteter\u00a0skapar vi positiva och minnesv\u00e4rda upplevelser som ger ett garanterat merv\u00e4rde till era kunder.\u00a0M\u00e5nga erbjuder redan idag v\u00e5ra roliga aktiviteter, men vi har plats f\u00f6r fler!<\/p>\n<p><strong>Ett gott samarbete\u00a0\u00e4r gynnsamt f\u00f6r b\u00e5da parter.<\/strong> Ni f\u00e5r en enkel m\u00f6jlighet att\u00a0bredda ert serviceerbjudande med\u00a0hela v\u00e5rt utbud av v\u00e4lk\u00e4nda och uppskattade aktiviteter, helt utan kostnad eller krav. P\u00e5 alla bokningar erbjuder\u00a0vi er \u00e4ven en marknadsm\u00e4ssig provision.<\/p>\n<p>Lika viktigt som slutresultatet \u00e4r att v\u00e5rt samarbete fungerar enkelt och smidigt hela v\u00e4gen. Ni l\u00e4gger er tid och fokus p\u00e5 det ni kan b\u00e4st, s\u00e5 tar vi hand om aktiviteten.<\/p>\n<p><strong>N\u00e5gra av de f\u00f6rdelar vi erbjuder er \u00e4r:<\/strong><\/p>\n<ul>\n<li>Tydliga priser &#8211; s\u00e5 att ni snabbt kan l\u00e4gga in en aktivitet i er offert<\/li>\n<li>Flexibla aktiviteter &#8211; vi\u00a0kommer dit\u00a0kunden h\u00e5ller till och anpassar oss till deras\u00a0schema och f\u00f6ruts\u00e4ttningar<\/li>\n<li>V\u00e4ldefinierade\u00a0koncept &#8211; s\u00e5 att ni l\u00e4tt\u00a0kan f\u00f6rklara aktiviteterna f\u00f6r era kunder<\/li>\n<li>S\u00e4ljst\u00f6d &#8211; vi har en s\u00e4rskild webbsida f\u00f6r v\u00e5ra samarbetspartners d\u00e4r ni enkelt\u00a0kan ladda ner pdf:er, bilder och all information ni kan t\u00e4nkas beh\u00f6va om v\u00e5ra aktiviteter<\/li>\n<\/ul>\n<\/div><\/section><\/div>\n<div class='flex_column av-av_one_half-f78fb3c186c5ceb3cf0bf54353219056 av_one_half  avia-builder-el-4  el_after_av_one_half  el_before_av_one_half  flex_column_div column-top-margin'     ><section  class='av_textblock_section av-av_textblock-0366cc7376be6c9e82a3e9cc8987b64f'  itemscope=\"itemscope\" itemtype=\"https:\/\/schema.org\/CreativeWork\" ><div class='avia_textblock'  itemprop=\"text\" ><h1>\u00c4r ni den perfekta restaurangen?<\/h1>\n<p>M\u00e5nga av v\u00e5ra kunder bokar sin\u00a0aktivitet tillsammans med ett middagspaket. Vi\u00a0har idag bra samarbeten\u00a0med flera\u00a0restauranger och festv\u00e5ningar i fr\u00e4mst Stockholm, G\u00f6teborg, Malm\u00f6 och Uppsala. Men vi h\u00e5ller alltid utkik efter nya, grymma\u00a0restauranger att samarbeta med.<\/p>\n<p>Flera av v\u00e5ra mest popul\u00e4ra aktiviteter h\u00e5ller vi i samband med middagen, till exempel Game Show, Mordet, Mingelkampen och Musik Quiz. D\u00e5 beh\u00f6ver vi kunna sitta avskilt fr\u00e5n \u00f6vriga g\u00e4ster p\u00e5 restaurangen. I en festv\u00e5ning, ett eget rum eller en chambre separ\u00e9e. Andra aktiviteter g\u00f6r kunden innan de kommer till er f\u00f6r att \u00e4ta\u00a0sin middag. Den vanligaste gruppstorleken\u00a0\u00e4r p\u00e5 mellan 10-35 personer, men vi har \u00e4ven m\u00e5nga grupper som \u00e4r st\u00f6rre \u00e4n s\u00e5.<\/p>\n<p>F\u00f6rutom lokalerna s\u00e5\u00a0\u00e4r det viktigt f\u00f6r oss att ni har en vana att servera st\u00f6rre grupper, ett tydligt kundfokus och en prisv\u00e4rd meny. Det senare betyder inte att priset m\u00e5ste\u00a0vara &#8217;l\u00e5gt&#8217; &#8211; vi vill erbjuda flera prisl\u00e4gen. Men v\u00e5r utg\u00e5ngspunkt \u00e4r att kunden alltid ska k\u00e4nna att de har f\u00e5tt ett st\u00f6rre v\u00e4rde \u00e4n vad de betalat f\u00f6r n\u00e4r de\u00a0k\u00f6pt\u00a0en aktivitet eller ett middagspaket hos oss.<\/p>\n<p>Tycker ni att detta l\u00e5ter vettigt och har lokaler som passar f\u00f6r v\u00e5ra aktiviteter och kunder\u00a0&#8211; d\u00e5 ser vi g\u00e4rna att ni tar kontakt med oss f\u00f6r att prata vidare om ett samarbete!<\/p>\n<\/div><\/section><\/div>\n<div class='flex_column av-av_one_half-2a9015ff38129c418a3f2eafba3e9512 av_one_half  avia-builder-el-6  el_after_av_one_half  el_before_av_one_half  first flex_column_div column-top-margin'     ><style type=\"text\/css\" data-created_by=\"avia_inline_auto\" id=\"style-css-av-av_image-118050e5331950a6940c4f3d0477a83d\">\n.avia-image-container.av-av_image-118050e5331950a6940c4f3d0477a83d img.avia_image{\nbox-shadow:none;\n}\n.avia-image-container.av-av_image-118050e5331950a6940c4f3d0477a83d .av-image-caption-overlay-center{\ncolor:#ffffff;\n}\n<\/style>\n<div  class='avia-image-container av-av_image-118050e5331950a6940c4f3d0477a83d av-styling-circle avia-align-right  avia-builder-el-7  avia-builder-el-no-sibling '   itemprop=\"image\" itemscope=\"itemscope\" itemtype=\"https:\/\/schema.org\/ImageObject\" ><div class=\"avia-image-container-inner\"><div class=\"avia-image-overlay-wrap\"><img class='wp-image-254 avia-img-lazy-loading-not-254 avia_image ' src='https:\/\/activity.se\/privat\/wp-content\/uploads\/2015\/03\/stefan.jpg' alt='' title='stefan'  height=\"300\" width=\"300\"  itemprop=\"thumbnailUrl\"  \/><\/div><\/div><\/div><\/div>\n<div class='flex_column av-av_one_half-f78fb3c186c5ceb3cf0bf54353219056 av_one_half  avia-builder-el-8  el_after_av_one_half  el_before_av_codeblock  flex_column_div column-top-margin'     ><section  class='av_textblock_section av-av_textblock-0366cc7376be6c9e82a3e9cc8987b64f'  itemscope=\"itemscope\" itemtype=\"https:\/\/schema.org\/CreativeWork\" ><div class='avia_textblock'  itemprop=\"text\" ><h1>Kontakta Stefan f\u00f6r mer information!<\/h1>\n<\/div><\/section><br \/>\n\n<style type=\"text\/css\" data-created_by=\"avia_inline_auto\" id=\"style-css-av-av_hr-5ea7596238ed9f191e6b5e662093052f\">\n#top .hr.hr-invisible.av-av_hr-5ea7596238ed9f191e6b5e662093052f{\nheight:30px;\n}\n<\/style>\n<div  class='hr av-av_hr-5ea7596238ed9f191e6b5e662093052f hr-invisible  avia-builder-el-10  el_after_av_textblock  el_before_av_codeblock '><span class='hr-inner '><span class=\"hr-inner-style\"><\/span><\/span><\/div><br \/>\n<\/p><\/div>\n\n<\/div><\/div><\/div><!-- close content main div --><\/div><\/div>\n<style type=\"text\/css\" data-created_by=\"avia_inline_auto\" id=\"style-css-av-av_section-a4ea67f007e3635af525d95677446521\">\n.avia-section.av-av_section-a4ea67f007e3635af525d95677446521{\nbackground-color:#f4f4f4;\nbackground-image:unset;\n}\n<\/style>\n<div id='av_section_1'  class='avia-section av-av_section-a4ea67f007e3635af525d95677446521 main_color avia-section-large avia-no-shadow  avia-builder-el-13  el_after_av_codeblock  avia-builder-el-last  avia-bg-style-scroll container_wrap fullsize'  ><div class='container av-section-cont-open' ><div class='template-page content  av-content-full alpha units'><div class='post-entry post-entry-type-page post-entry-376'><div class='entry-content-wrapper clearfix'>\n<div class='flex_column av-av_one_full-2a9015ff38129c418a3f2eafba3e9512 av_one_full  avia-builder-el-14  avia-builder-el-no-sibling  first flex_column_div '     ><p>\n<style type=\"text\/css\" data-created_by=\"avia_inline_auto\" id=\"style-css-av-av_hr-22b2c95b934dc9c4342fef8b904fb51c\">\n#top .hr.hr-invisible.av-av_hr-22b2c95b934dc9c4342fef8b904fb51c{\nheight:70px;\n}\n<\/style>\n<div  class='hr av-av_hr-22b2c95b934dc9c4342fef8b904fb51c hr-invisible  avia-builder-el-15  el_before_av_button  avia-builder-el-first '><span class='hr-inner '><span class=\"hr-inner-style\"><\/span><\/span><\/div><br \/>\n<div  class='avia-button-wrap av-av_button-7c0dc17ba2bd324e0c87dc9292b666bb-wrap avia-button-center  avia-builder-el-16  el_after_av_hr  el_before_av_textblock '><a href='https:\/\/activity.se\/privat\/partners\/'  class='avia-button av-av_button-7c0dc17ba2bd324e0c87dc9292b666bb avia-icon_select-no avia-size-x-large avia-position-center avia-color-theme-color'  ><span class='avia_iconbox_title' >Inloggning f\u00f6r samarbetspartners<\/span><\/a><\/div><br \/>\n<section  class='av_textblock_section av-av_textblock-0366cc7376be6c9e82a3e9cc8987b64f'  itemscope=\"itemscope\" itemtype=\"https:\/\/schema.org\/CreativeWork\" ><div class='avia_textblock'  itemprop=\"text\" ><p style=\"text-align: center;\">Klicka p\u00e5 knappen ovan f\u00f6r att logga in som samarbetspartner!<\/p>\n<\/div><\/section><\/p><\/div>\n","protected":false},"excerpt":{"rendered":"","protected":false},"author":2,"featured_media":0,"parent":0,"menu_order":0,"comment_status":"closed","ping_status":"closed","template":"","meta":[],"yoast_head":"<!-- This site is optimized with the Yoast SEO plugin v19.11 - https:\/\/yoast.com\/wordpress\/plugins\/seo\/ -->\n<title>Samarbeta med oss - Activity<\/title>\n<meta name=\"robots\" content=\"index, follow, max-snippet:-1, max-image-preview:large, max-video-preview:-1\" \/>\n<link rel=\"canonical\" href=\"https:\/\/activity.se\/privat\/samarbeta-med-oss\/\" \/>\n<meta property=\"og:locale\" content=\"sv_SE\" \/>\n<meta property=\"og:type\" content=\"article\" \/>\n<meta property=\"og:title\" content=\"Samarbeta med oss - Activity\" \/>\n<meta property=\"og:url\" content=\"https:\/\/activity.se\/privat\/samarbeta-med-oss\/\" \/>\n<meta property=\"og:site_name\" content=\"Activity\" \/>\n<meta property=\"article:modified_time\" content=\"2015-04-28T09:48:43+00:00\" \/>\n<meta name=\"twitter:card\" content=\"summary_large_image\" \/>\n<meta name=\"twitter:label1\" content=\"Ber\u00e4knad l\u00e4stid\" \/>\n\t<meta name=\"twitter:data1\" content=\"5 minuter\" \/>\n<script type=\"application\/ld+json\" class=\"yoast-schema-graph\">{\"@context\":\"https:\/\/schema.org\",\"@graph\":[{\"@type\":\"WebPage\",\"@id\":\"https:\/\/activity.se\/privat\/samarbeta-med-oss\/\",\"url\":\"https:\/\/activity.se\/privat\/samarbeta-med-oss\/\",\"name\":\"Samarbeta med oss - Activity\",\"isPartOf\":{\"@id\":\"https:\/\/activity.se\/privat\/#website\"},\"datePublished\":\"2015-04-01T15:14:59+00:00\",\"dateModified\":\"2015-04-28T09:48:43+00:00\",\"breadcrumb\":{\"@id\":\"https:\/\/activity.se\/privat\/samarbeta-med-oss\/#breadcrumb\"},\"inLanguage\":\"sv-SE\",\"potentialAction\":[{\"@type\":\"ReadAction\",\"target\":[\"https:\/\/activity.se\/privat\/samarbeta-med-oss\/\"]}]},{\"@type\":\"BreadcrumbList\",\"@id\":\"https:\/\/activity.se\/privat\/samarbeta-med-oss\/#breadcrumb\",\"itemListElement\":[{\"@type\":\"ListItem\",\"position\":1,\"name\":\"Hem\",\"item\":\"https:\/\/activity.se\/privat\/\"},{\"@type\":\"ListItem\",\"position\":2,\"name\":\"Samarbeta med oss\"}]},{\"@type\":\"WebSite\",\"@id\":\"https:\/\/activity.se\/privat\/#website\",\"url\":\"https:\/\/activity.se\/privat\/\",\"name\":\"Activity\",\"description\":\"Aktiviteter f\u00f6r kick-off, konferens &amp; teambuilding i Stockholm, G\u00f6teborg och Malm\u00f6\",\"potentialAction\":[{\"@type\":\"SearchAction\",\"target\":{\"@type\":\"EntryPoint\",\"urlTemplate\":\"https:\/\/activity.se\/privat\/?s={search_term_string}\"},\"query-input\":\"required name=search_term_string\"}],\"inLanguage\":\"sv-SE\"}]}<\/script>\n<!-- \/ Yoast SEO plugin. -->","yoast_head_json":{"title":"Samarbeta med oss - Activity","robots":{"index":"index","follow":"follow","max-snippet":"max-snippet:-1","max-image-preview":"max-image-preview:large","max-video-preview":"max-video-preview:-1"},"canonical":"https:\/\/activity.se\/privat\/samarbeta-med-oss\/","og_locale":"sv_SE","og_type":"article","og_title":"Samarbeta med oss - Activity","og_url":"https:\/\/activity.se\/privat\/samarbeta-med-oss\/","og_site_name":"Activity","article_modified_time":"2015-04-28T09:48:43+00:00","twitter_card":"summary_large_image","twitter_misc":{"Ber\u00e4knad l\u00e4stid":"5 minuter"},"schema":{"@context":"https:\/\/schema.org","@graph":[{"@type":"WebPage","@id":"https:\/\/activity.se\/privat\/samarbeta-med-oss\/","url":"https:\/\/activity.se\/privat\/samarbeta-med-oss\/","name":"Samarbeta med oss - Activity","isPartOf":{"@id":"https:\/\/activity.se\/privat\/#website"},"datePublished":"2015-04-01T15:14:59+00:00","dateModified":"2015-04-28T09:48:43+00:00","breadcrumb":{"@id":"https:\/\/activity.se\/privat\/samarbeta-med-oss\/#breadcrumb"},"inLanguage":"sv-SE","potentialAction":[{"@type":"ReadAction","target":["https:\/\/activity.se\/privat\/samarbeta-med-oss\/"]}]},{"@type":"BreadcrumbList","@id":"https:\/\/activity.se\/privat\/samarbeta-med-oss\/#breadcrumb","itemListElement":[{"@type":"ListItem","position":1,"name":"Hem","item":"https:\/\/activity.se\/privat\/"},{"@type":"ListItem","position":2,"name":"Samarbeta med oss"}]},{"@type":"WebSite","@id":"https:\/\/activity.se\/privat\/#website","url":"https:\/\/activity.se\/privat\/","name":"Activity","description":"Aktiviteter f\u00f6r kick-off, konferens &amp; teambuilding i Stockholm, G\u00f6teborg och Malm\u00f6","potentialAction":[{"@type":"SearchAction","target":{"@type":"EntryPoint","urlTemplate":"https:\/\/activity.se\/privat\/?s={search_term_string}"},"query-input":"required name=search_term_string"}],"inLanguage":"sv-SE"}]}},"_links":{"self":[{"href":"https:\/\/activity.se\/privat\/wp-json\/wp\/v2\/pages\/376"}],"collection":[{"href":"https:\/\/activity.se\/privat\/wp-json\/wp\/v2\/pages"}],"about":[{"href":"https:\/\/activity.se\/privat\/wp-json\/wp\/v2\/types\/page"}],"author":[{"embeddable":true,"href":"https:\/\/activity.se\/privat\/wp-json\/wp\/v2\/users\/2"}],"replies":[{"embeddable":true,"href":"https:\/\/activity.se\/privat\/wp-json\/wp\/v2\/comments?post=376"}],"version-history":[{"count":41,"href":"https:\/\/activity.se\/privat\/wp-json\/wp\/v2\/pages\/376\/revisions"}],"predecessor-version":[{"id":1263,"href":"https:\/\/activity.se\/privat\/wp-json\/wp\/v2\/pages\/376\/revisions\/1263"}],"wp:attachment":[{"href":"https:\/\/activity.se\/privat\/wp-json\/wp\/v2\/media?parent=376"}],"curies":[{"name":"wp","href":"https:\/\/api.w.org\/{rel}","templated":true}]}}