{"id":25,"date":"2015-03-25T09:24:14","date_gmt":"2015-03-25T09:24:14","guid":{"rendered":"http:\/\/activity.se\/privat\/?page_id=25"},"modified":"2018-08-01T13:42:44","modified_gmt":"2018-08-01T11:42:44","slug":"kontakt","status":"publish","type":"page","link":"https:\/\/activity.se\/privat\/kontakt\/","title":{"rendered":"Kontakt"},"content":{"rendered":"<div class='flex_column av-av_one_fifth-2a9015ff38129c418a3f2eafba3e9512 av_one_fifth  avia-builder-el-0  el_before_av_one_fifth  avia-builder-el-first  first flex_column_div '     ><section  class='av_textblock_section av-av_textblock-0366cc7376be6c9e82a3e9cc8987b64f'  itemscope=\"itemscope\" itemtype=\"https:\/\/schema.org\/CreativeWork\" ><div class='avia_textblock'  itemprop=\"text\" ><h3>Adress<\/h3>\n<p><strong>Activity Stockholm<br \/>\n<\/strong>\u00d6regrundsgatan 4<br \/>\n115 59 Stockholm<\/p>\n<p><strong>Activity\u00a0G\u00f6teborg<br \/>\n<\/strong>\u00c4ttestigen 10<br \/>\n416 74 G\u00f6teborg<\/p>\n<p><strong>Activity\u00a0Malm\u00f6<br \/>\n<\/strong>Adelgatan 5<br \/>\n211 22\u00a0Malm\u00f6<\/p>\n<h3>Kontakt<\/h3>\n<p>E-post: <a href=\"mailto:info@activity.se\">info@activity.se<\/a><br \/>\nTelefon: <a href=\"tel:0775333300\">0775-33 33 00<\/a><\/p>\n<\/div><\/section><br \/>\n\n<style type=\"text\/css\" data-created_by=\"avia_inline_auto\" id=\"style-css-av-av_hr-b61d1af7942194ef1bc0ae645ba5ab2f\">\n#top .hr.hr-invisible.av-av_hr-b61d1af7942194ef1bc0ae645ba5ab2f{\nheight:12px;\n}\n<\/style>\n<div  class='hr av-av_hr-b61d1af7942194ef1bc0ae645ba5ab2f hr-invisible  avia-builder-el-2  el_after_av_textblock  el_before_av_textblock '><span class='hr-inner '><span class=\"hr-inner-style\"><\/span><\/span><\/div><br \/>\n<section  class='av_textblock_section av-av_textblock-0366cc7376be6c9e82a3e9cc8987b64f'  itemscope=\"itemscope\" itemtype=\"https:\/\/schema.org\/CreativeWork\" ><div class='avia_textblock'  itemprop=\"text\" ><h3>Sociala medier<\/h3>\n<\/div><\/section><br \/>\n\n<style type=\"text\/css\" data-created_by=\"avia_inline_auto\" id=\"style-css-av-av_font_icon-feeba055d84d1f34a53b0ea4dbc7ef3f\">\n.av_font_icon.av-av_font_icon-feeba055d84d1f34a53b0ea4dbc7ef3f{\ncolor:#cccccc;\nborder-color:#cccccc;\n}\n.av_font_icon.av-av_font_icon-feeba055d84d1f34a53b0ea4dbc7ef3f .av-icon-char{\nfont-size:40px;\nline-height:40px;\n}\n<\/style>\n<span  class='av_font_icon av-av_font_icon-feeba055d84d1f34a53b0ea4dbc7ef3f avia_animate_when_visible av-icon-style- avia-icon-pos-left avia-icon-animate'><a href='http:\/\/www.facebook.com\/activity.se' target=\"_blank\" rel=\"noopener noreferrer\" class='av-icon-char' aria-hidden='true' data-av_icon='\ue8f4' data-av_iconfont='entypo-fontello' data-avia-icon-tooltip=\"&lt;br \/&gt;\nFacebook&lt;br \/&gt;\n\"><\/a><\/span><br \/>\n\n<style type=\"text\/css\" data-created_by=\"avia_inline_auto\" id=\"style-css-av-av_font_icon-8e8388306cb64f0b4eb60bea5a7da00e\">\n.av_font_icon.av-av_font_icon-8e8388306cb64f0b4eb60bea5a7da00e{\ncolor:#cccccc;\nborder-color:#cccccc;\n}\n.av_font_icon.av-av_font_icon-8e8388306cb64f0b4eb60bea5a7da00e .av-icon-char{\nfont-size:40px;\nline-height:40px;\n}\n<\/style>\n<span  class='av_font_icon av-av_font_icon-8e8388306cb64f0b4eb60bea5a7da00e avia_animate_when_visible av-icon-style- avia-icon-pos-left avia-icon-animate'><a href='http:\/\/www.instagram.com\/activity.se' target=\"_blank\" rel=\"noopener noreferrer\" class='av-icon-char' aria-hidden='true' data-av_icon='\ue909' data-av_iconfont='entypo-fontello' data-avia-icon-tooltip=\"&lt;br \/&gt;\nInstagram&lt;br \/&gt;\n\"><\/a><\/span><br \/>\n\n<style type=\"text\/css\" data-created_by=\"avia_inline_auto\" id=\"style-css-av-av_font_icon-88907caa57d05d79684c8f6f38b3f57e\">\n.av_font_icon.av-av_font_icon-88907caa57d05d79684c8f6f38b3f57e{\ncolor:#cccccc;\nborder-color:#cccccc;\n}\n.av_font_icon.av-av_font_icon-88907caa57d05d79684c8f6f38b3f57e .av-icon-char{\nfont-size:40px;\nline-height:40px;\n}\n<\/style>\n<span  class='av_font_icon av-av_font_icon-88907caa57d05d79684c8f6f38b3f57e avia_animate_when_visible av-icon-style- avia-icon-pos-left avia-icon-animate'><a href='https:\/\/www.youtube.com\/channel\/UC3C0bib4iLzgjrIbprPPbWQ' target=\"_blank\" rel=\"noopener noreferrer\" class='av-icon-char' aria-hidden='true' data-av_icon='\ue921' data-av_iconfont='entypo-fontello' data-avia-icon-tooltip=\"&lt;br \/&gt;\nYouTube&lt;br \/&gt;\n\"><\/a><\/span><\/p><\/div><div class='flex_column av-av_one_fifth-f78fb3c186c5ceb3cf0bf54353219056 av_one_fifth  avia-builder-el-7  el_after_av_one_fifth  el_before_av_one_fifth  flex_column_div '     ><section  class='av_textblock_section av-av_textblock-0366cc7376be6c9e82a3e9cc8987b64f'  itemscope=\"itemscope\" itemtype=\"https:\/\/schema.org\/CreativeWork\" ><div class='avia_textblock'  itemprop=\"text\" ><h3>Activity Stockholm<\/h3>\n<\/div><\/section><br \/>\n<div  class='av_gmaps_sc_main_wrap av_gmaps_main_wrap '><div id='av_gmap_0' class='avia-google-map-container avia-google-map-sc av_gmaps_show_unconditionally av-no-fallback-img ' data-mapid='av_gmap_0'  style='height: 160px;'><a class=\"av_gmaps_browser_disabled av_text_confirm_link av_text_confirm_link_visible\" href=\"https:\/\/www.google.com\/maps\/search\/?api=1&#038;query=\u00d6regrundsgatan%204%20%20%20Stockholm\" target=\"_blank\" rel=\"noopener\">Maps were disabled by the visitor on this site. Click to open the map in a new window.<\/a><\/div><\/div><br \/>\n\n<style type=\"text\/css\" data-created_by=\"avia_inline_auto\" id=\"style-css-av-av_hr-5ea7596238ed9f191e6b5e662093052f\">\n#top .hr.hr-invisible.av-av_hr-5ea7596238ed9f191e6b5e662093052f{\nheight:30px;\n}\n<\/style>\n<div  class='hr av-av_hr-5ea7596238ed9f191e6b5e662093052f hr-invisible  avia-builder-el-10  el_after_av_google_map  el_before_av_textblock  avia-builder-el-first '><span class='hr-inner '><span class=\"hr-inner-style\"><\/span><\/span><\/div><br \/>\n<section  class='av_textblock_section av-av_textblock-0366cc7376be6c9e82a3e9cc8987b64f'  itemscope=\"itemscope\" itemtype=\"https:\/\/schema.org\/CreativeWork\" ><div class='avia_textblock'  itemprop=\"text\" ><h3>Activity\u00a0Malm\u00f6<\/h3>\n<\/div><\/section><br \/>\n<div  class='av_gmaps_sc_main_wrap av_gmaps_main_wrap '><div id='av_gmap_1' class='avia-google-map-container avia-google-map-sc av_gmaps_show_unconditionally av-no-fallback-img ' data-mapid='av_gmap_1'  style='height: 160px;'><a class=\"av_gmaps_browser_disabled av_text_confirm_link av_text_confirm_link_visible\" href=\"https:\/\/www.google.com\/maps\/search\/?api=1&#038;query=Adelgatan%205%20%20Malm\u00f6\" target=\"_blank\" rel=\"noopener\">Maps were disabled by the visitor on this site. Click to open the map in a new window.<\/a><\/div><\/div><\/p><\/div><\/p>\n<div class='flex_column av-av_one_fifth-f78fb3c186c5ceb3cf0bf54353219056 av_one_fifth  avia-builder-el-13  el_after_av_one_fifth  el_before_av_two_fifth  flex_column_div '     ><section  class='av_textblock_section av-av_textblock-0366cc7376be6c9e82a3e9cc8987b64f'  itemscope=\"itemscope\" itemtype=\"https:\/\/schema.org\/CreativeWork\" ><div class='avia_textblock'  itemprop=\"text\" ><h3>Activity G\u00f6teborg<\/h3>\n<\/div><\/section><br \/>\n<div  class='av_gmaps_sc_main_wrap av_gmaps_main_wrap '><div id='av_gmap_2' class='avia-google-map-container avia-google-map-sc av_gmaps_show_unconditionally av-no-fallback-img ' data-mapid='av_gmap_2'  style='height: 160px;'><a class=\"av_gmaps_browser_disabled av_text_confirm_link av_text_confirm_link_visible\" href=\"https:\/\/www.google.com\/maps\/search\/?api=1&#038;query=\u00c4ttestigen%2010%20%20G\u00f6teborg\" target=\"_blank\" rel=\"noopener\">Maps were disabled by the visitor on this site. Click to open the map in a new window.<\/a><\/div><\/div><\/p><\/div>\n<div class='flex_column av-av_two_fifth-f78fb3c186c5ceb3cf0bf54353219056 av_two_fifth  avia-builder-el-16  el_after_av_one_fifth  avia-builder-el-last  flex_column_div '     ><form action=\"https:\/\/activity.se\/privat\/kontakt\/\" method=\"post\"  class=\"avia_ajax_form av-form-labels-visible   avia-builder-el-17  avia-builder-el-no-sibling   \" data-avia-form-id=\"1\" data-avia-redirect='' ><h3 class=''>Skicka e-post till oss<\/h3><fieldset><p class='  first_form  form_element form_fullwidth' id='element_avia_1_1'><label for=\"avia_1_1\">Namn <abbr class=\"required\" title=\"required\">*<\/abbr><\/label> <input name=\"avia_1_1\" class=\"text_input is_empty\" type=\"text\" id=\"avia_1_1\" value=\"\" \/><\/p><p class='  first_form  form_element form_fullwidth' id='element_avia_2_1'><label for=\"avia_2_1\">E-post <abbr class=\"required\" title=\"required\">*<\/abbr><\/label> <input name=\"avia_2_1\" class=\"text_input is_email\" type=\"text\" id=\"avia_2_1\" value=\"\" \/><\/p><p class='  first_form  form_element form_fullwidth' id='element_avia_3_1'><label for=\"avia_3_1\">\u00c4mne <abbr class=\"required\" title=\"required\">*<\/abbr><\/label> <input name=\"avia_3_1\" class=\"text_input is_empty\" type=\"text\" id=\"avia_3_1\" value=\"\" \/><\/p><p class='  first_form  form_element form_fullwidth av-last-visible-form-element' id='element_avia_4_1'><label for=\"avia_4_1\" class=\"textare_label hidden textare_label_avia_4_1\">Meddelande <abbr class=\"required\" title=\"required\">*<\/abbr><\/label><textarea  name=\"avia_4_1\" class=\"text_area is_empty\" cols=\"40\" rows=\"7\" id=\"avia_4_1\" ><\/textarea><\/p><p class=\"hidden\"><input type=\"text\" name=\"avia_5_1\" class=\"hidden \" id=\"avia_5_1\" value=\"\" \/><\/p><p class=\"form_element \"><input type=\"hidden\" value=\"1\" name=\"avia_generated_form1\" \/><input type=\"submit\" value=\"Skicka\" class=\"button\"  data-sending-label=\"Sending\"\/><\/p><\/fieldset><\/form><div id=\"ajaxresponse_1\" class=\"ajaxresponse ajaxresponse_1 hidden\"><\/div><\/div>\n","protected":false},"excerpt":{"rendered":"","protected":false},"author":2,"featured_media":0,"parent":0,"menu_order":0,"comment_status":"closed","ping_status":"closed","template":"","meta":[],"yoast_head":"<!-- This site is optimized with the Yoast SEO plugin v19.11 - https:\/\/yoast.com\/wordpress\/plugins\/seo\/ -->\n<title>Kontakt - Activity<\/title>\n<meta name=\"robots\" content=\"index, follow, max-snippet:-1, max-image-preview:large, max-video-preview:-1\" \/>\n<link rel=\"canonical\" href=\"https:\/\/activity.se\/privat\/kontakt\/\" \/>\n<meta property=\"og:locale\" content=\"sv_SE\" \/>\n<meta property=\"og:type\" content=\"article\" \/>\n<meta property=\"og:title\" content=\"Kontakt - Activity\" \/>\n<meta property=\"og:url\" content=\"https:\/\/activity.se\/privat\/kontakt\/\" \/>\n<meta property=\"og:site_name\" content=\"Activity\" \/>\n<meta property=\"article:modified_time\" content=\"2018-08-01T11:42:44+00:00\" \/>\n<meta name=\"twitter:card\" content=\"summary_large_image\" \/>\n<meta name=\"twitter:label1\" content=\"Ber\u00e4knad l\u00e4stid\" \/>\n\t<meta name=\"twitter:data1\" content=\"3 minuter\" \/>\n<script type=\"application\/ld+json\" class=\"yoast-schema-graph\">{\"@context\":\"https:\/\/schema.org\",\"@graph\":[{\"@type\":\"WebPage\",\"@id\":\"https:\/\/activity.se\/privat\/kontakt\/\",\"url\":\"https:\/\/activity.se\/privat\/kontakt\/\",\"name\":\"Kontakt - Activity\",\"isPartOf\":{\"@id\":\"https:\/\/activity.se\/privat\/#website\"},\"datePublished\":\"2015-03-25T09:24:14+00:00\",\"dateModified\":\"2018-08-01T11:42:44+00:00\",\"breadcrumb\":{\"@id\":\"https:\/\/activity.se\/privat\/kontakt\/#breadcrumb\"},\"inLanguage\":\"sv-SE\",\"potentialAction\":[{\"@type\":\"ReadAction\",\"target\":[\"https:\/\/activity.se\/privat\/kontakt\/\"]}]},{\"@type\":\"BreadcrumbList\",\"@id\":\"https:\/\/activity.se\/privat\/kontakt\/#breadcrumb\",\"itemListElement\":[{\"@type\":\"ListItem\",\"position\":1,\"name\":\"Hem\",\"item\":\"https:\/\/activity.se\/privat\/\"},{\"@type\":\"ListItem\",\"position\":2,\"name\":\"Kontakt\"}]},{\"@type\":\"WebSite\",\"@id\":\"https:\/\/activity.se\/privat\/#website\",\"url\":\"https:\/\/activity.se\/privat\/\",\"name\":\"Activity\",\"description\":\"Aktiviteter f\u00f6r kick-off, konferens &amp; teambuilding i Stockholm, G\u00f6teborg och Malm\u00f6\",\"potentialAction\":[{\"@type\":\"SearchAction\",\"target\":{\"@type\":\"EntryPoint\",\"urlTemplate\":\"https:\/\/activity.se\/privat\/?s={search_term_string}\"},\"query-input\":\"required name=search_term_string\"}],\"inLanguage\":\"sv-SE\"}]}<\/script>\n<!-- \/ Yoast SEO plugin. -->","yoast_head_json":{"title":"Kontakt - Activity","robots":{"index":"index","follow":"follow","max-snippet":"max-snippet:-1","max-image-preview":"max-image-preview:large","max-video-preview":"max-video-preview:-1"},"canonical":"https:\/\/activity.se\/privat\/kontakt\/","og_locale":"sv_SE","og_type":"article","og_title":"Kontakt - Activity","og_url":"https:\/\/activity.se\/privat\/kontakt\/","og_site_name":"Activity","article_modified_time":"2018-08-01T11:42:44+00:00","twitter_card":"summary_large_image","twitter_misc":{"Ber\u00e4knad l\u00e4stid":"3 minuter"},"schema":{"@context":"https:\/\/schema.org","@graph":[{"@type":"WebPage","@id":"https:\/\/activity.se\/privat\/kontakt\/","url":"https:\/\/activity.se\/privat\/kontakt\/","name":"Kontakt - Activity","isPartOf":{"@id":"https:\/\/activity.se\/privat\/#website"},"datePublished":"2015-03-25T09:24:14+00:00","dateModified":"2018-08-01T11:42:44+00:00","breadcrumb":{"@id":"https:\/\/activity.se\/privat\/kontakt\/#breadcrumb"},"inLanguage":"sv-SE","potentialAction":[{"@type":"ReadAction","target":["https:\/\/activity.se\/privat\/kontakt\/"]}]},{"@type":"BreadcrumbList","@id":"https:\/\/activity.se\/privat\/kontakt\/#breadcrumb","itemListElement":[{"@type":"ListItem","position":1,"name":"Hem","item":"https:\/\/activity.se\/privat\/"},{"@type":"ListItem","position":2,"name":"Kontakt"}]},{"@type":"WebSite","@id":"https:\/\/activity.se\/privat\/#website","url":"https:\/\/activity.se\/privat\/","name":"Activity","description":"Aktiviteter f\u00f6r kick-off, konferens &amp; teambuilding i Stockholm, G\u00f6teborg och Malm\u00f6","potentialAction":[{"@type":"SearchAction","target":{"@type":"EntryPoint","urlTemplate":"https:\/\/activity.se\/privat\/?s={search_term_string}"},"query-input":"required name=search_term_string"}],"inLanguage":"sv-SE"}]}},"_links":{"self":[{"href":"https:\/\/activity.se\/privat\/wp-json\/wp\/v2\/pages\/25"}],"collection":[{"href":"https:\/\/activity.se\/privat\/wp-json\/wp\/v2\/pages"}],"about":[{"href":"https:\/\/activity.se\/privat\/wp-json\/wp\/v2\/types\/page"}],"author":[{"embeddable":true,"href":"https:\/\/activity.se\/privat\/wp-json\/wp\/v2\/users\/2"}],"replies":[{"embeddable":true,"href":"https:\/\/activity.se\/privat\/wp-json\/wp\/v2\/comments?post=25"}],"version-history":[{"count":47,"href":"https:\/\/activity.se\/privat\/wp-json\/wp\/v2\/pages\/25\/revisions"}],"predecessor-version":[{"id":1647,"href":"https:\/\/activity.se\/privat\/wp-json\/wp\/v2\/pages\/25\/revisions\/1647"}],"wp:attachment":[{"href":"https:\/\/activity.se\/privat\/wp-json\/wp\/v2\/media?parent=25"}],"curies":[{"name":"wp","href":"https:\/\/api.w.org\/{rel}","templated":true}]}}