{"id":1238,"date":"2015-04-28T07:55:58","date_gmt":"2015-04-28T07:55:58","guid":{"rendered":"http:\/\/activity.se\/privat\/?page_id=1238"},"modified":"2015-05-06T17:30:32","modified_gmt":"2015-05-06T15:30:32","slug":"partners","status":"publish","type":"page","link":"https:\/\/activity.se\/privat\/partners\/","title":{"rendered":"Partners"},"content":{"rendered":"","protected":true},"excerpt":{"rendered":"","protected":true},"author":2,"featured_media":0,"parent":0,"menu_order":0,"comment_status":"closed","ping_status":"closed","template":"","meta":[],"yoast_head":"<!-- This site is optimized with the Yoast SEO plugin v19.11 - https:\/\/yoast.com\/wordpress\/plugins\/seo\/ -->\n<title>Partners - Activity<\/title>\n<meta name=\"robots\" content=\"index, follow, max-snippet:-1, max-image-preview:large, max-video-preview:-1\" \/>\n<link rel=\"canonical\" href=\"https:\/\/activity.se\/privat\/partners\/\" \/>\n<meta property=\"og:locale\" content=\"sv_SE\" \/>\n<meta property=\"og:type\" content=\"article\" \/>\n<meta property=\"og:title\" content=\"Partners - Activity\" \/>\n<meta property=\"og:description\" content=\"Det finns inget utdrag eftersom detta \u00e4r ett skyddat inl\u00e4gg.\" \/>\n<meta property=\"og:url\" content=\"https:\/\/activity.se\/privat\/partners\/\" \/>\n<meta property=\"og:site_name\" content=\"Activity\" \/>\n<meta property=\"article:modified_time\" content=\"2015-05-06T15:30:32+00:00\" \/>\n<meta name=\"twitter:card\" content=\"summary_large_image\" \/>\n<meta name=\"twitter:label1\" content=\"Ber\u00e4knad l\u00e4stid\" \/>\n\t<meta name=\"twitter:data1\" content=\"13 minuter\" \/>\n<script type=\"application\/ld+json\" class=\"yoast-schema-graph\">{\"@context\":\"https:\/\/schema.org\",\"@graph\":[{\"@type\":\"WebPage\",\"@id\":\"https:\/\/activity.se\/privat\/partners\/\",\"url\":\"https:\/\/activity.se\/privat\/partners\/\",\"name\":\"Partners - Activity\",\"isPartOf\":{\"@id\":\"https:\/\/activity.se\/privat\/#website\"},\"datePublished\":\"2015-04-28T07:55:58+00:00\",\"dateModified\":\"2015-05-06T15:30:32+00:00\",\"breadcrumb\":{\"@id\":\"https:\/\/activity.se\/privat\/partners\/#breadcrumb\"},\"inLanguage\":\"sv-SE\"},{\"@type\":\"WebSite\",\"@id\":\"https:\/\/activity.se\/privat\/#website\",\"url\":\"https:\/\/activity.se\/privat\/\",\"name\":\"Activity\",\"description\":\"Aktiviteter f\u00f6r kick-off, konferens &amp; teambuilding i Stockholm, G\u00f6teborg och Malm\u00f6\",\"potentialAction\":[{\"@type\":\"SearchAction\",\"target\":{\"@type\":\"EntryPoint\",\"urlTemplate\":\"https:\/\/activity.se\/privat\/?s={search_term_string}\"},\"query-input\":\"required name=search_term_string\"}],\"inLanguage\":\"sv-SE\"}]}<\/script>\n<!-- \/ Yoast SEO plugin. -->","yoast_head_json":{"title":"Partners - Activity","robots":{"index":"index","follow":"follow","max-snippet":"max-snippet:-1","max-image-preview":"max-image-preview:large","max-video-preview":"max-video-preview:-1"},"canonical":"https:\/\/activity.se\/privat\/partners\/","og_locale":"sv_SE","og_type":"article","og_title":"Partners - Activity","og_description":"Det finns inget utdrag eftersom detta \u00e4r ett skyddat inl\u00e4gg.","og_url":"https:\/\/activity.se\/privat\/partners\/","og_site_name":"Activity","article_modified_time":"2015-05-06T15:30:32+00:00","twitter_card":"summary_large_image","twitter_misc":{"Ber\u00e4knad l\u00e4stid":"13 minuter"},"schema":{"@context":"https:\/\/schema.org","@graph":[{"@type":"WebPage","@id":"https:\/\/activity.se\/privat\/partners\/","url":"https:\/\/activity.se\/privat\/partners\/","name":"Partners - Activity","isPartOf":{"@id":"https:\/\/activity.se\/privat\/#website"},"datePublished":"2015-04-28T07:55:58+00:00","dateModified":"2015-05-06T15:30:32+00:00","breadcrumb":{"@id":"https:\/\/activity.se\/privat\/partners\/#breadcrumb"},"inLanguage":"sv-SE"},{"@type":"WebSite","@id":"https:\/\/activity.se\/privat\/#website","url":"https:\/\/activity.se\/privat\/","name":"Activity","description":"Aktiviteter f\u00f6r kick-off, konferens &amp; teambuilding i Stockholm, G\u00f6teborg och Malm\u00f6","potentialAction":[{"@type":"SearchAction","target":{"@type":"EntryPoint","urlTemplate":"https:\/\/activity.se\/privat\/?s={search_term_string}"},"query-input":"required name=search_term_string"}],"inLanguage":"sv-SE"}]}},"_links":{"self":[{"href":"https:\/\/activity.se\/privat\/wp-json\/wp\/v2\/pages\/1238"}],"collection":[{"href":"https:\/\/activity.se\/privat\/wp-json\/wp\/v2\/pages"}],"about":[{"href":"https:\/\/activity.se\/privat\/wp-json\/wp\/v2\/types\/page"}],"author":[{"embeddable":true,"href":"https:\/\/activity.se\/privat\/wp-json\/wp\/v2\/users\/2"}],"replies":[{"embeddable":true,"href":"https:\/\/activity.se\/privat\/wp-json\/wp\/v2\/comments?post=1238"}],"version-history":[{"count":52,"href":"https:\/\/activity.se\/privat\/wp-json\/wp\/v2\/pages\/1238\/revisions"}],"predecessor-version":[{"id":1337,"href":"https:\/\/activity.se\/privat\/wp-json\/wp\/v2\/pages\/1238\/revisions\/1337"}],"wp:attachment":[{"href":"https:\/\/activity.se\/privat\/wp-json\/wp\/v2\/media?parent=1238"}],"curies":[{"name":"wp","href":"https:\/\/api.w.org\/{rel}","templated":true}]}}